{"id":282,"date":"2024-09-03T14:27:39","date_gmt":"2024-09-03T12:27:39","guid":{"rendered":"https:\/\/cabinet-dentaire-chaumaz.fr\/?page_id=282"},"modified":"2024-09-10T16:50:37","modified_gmt":"2024-09-10T14:50:37","slug":"mentions-legales","status":"publish","type":"page","link":"https:\/\/cabinet-dentaire-chaumaz.fr\/index.php\/mentions-legales\/","title":{"rendered":"Mentions l\u00e9gales"},"content":{"rendered":"\t\t<div data-elementor-type=\"wp-page\" data-elementor-id=\"282\" class=\"elementor elementor-282\">\n\t\t\t\t<div class=\"elementor-element elementor-element-a3fe498 e-flex e-con-boxed e-con e-parent\" data-id=\"a3fe498\" data-element_type=\"container\">\n\t\t\t\t\t<div class=\"e-con-inner\">\n\t\t<div class=\"elementor-element elementor-element-5084866 e-con-full e-flex e-con e-child\" data-id=\"5084866\" data-element_type=\"container\">\n\t\t\t\t<div class=\"elementor-element elementor-element-7e31bfa elementor-widget elementor-widget-text-editor\" data-id=\"7e31bfa\" data-element_type=\"widget\" data-widget_type=\"text-editor.default\">\n\t\t\t\t<div class=\"elementor-widget-container\">\n\t\t\t\t\t\t\t<section class=\"elementor-section elementor-inner-section elementor-element elementor-element-d913f9c elementor-section-boxed elementor-section-height-default elementor-section-height-default\" data-id=\"d913f9c\" data-element_type=\"section\"><div class=\"elementor-container elementor-column-gap-default\"><div class=\"elementor-row\"><div class=\"elementor-column elementor-col-50 elementor-inner-column elementor-element elementor-element-c65485c\" data-id=\"c65485c\" data-element_type=\"column\"><div class=\"elementor-column-wrap elementor-element-populated\"><div class=\"elementor-widget-wrap\"><div class=\"elementor-element elementor-element-125b545 elementor-widget elementor-widget-text-editor\" data-id=\"125b545\" data-element_type=\"widget\" data-widget_type=\"text-editor.default\"><div class=\"elementor-widget-container\"><div class=\"elementor-text-editor elementor-clearfix\"><h4>\u00c9diteur<\/h4><p>Delphine Chaumaz<br \/>5, rue des Chartreux<br \/>69001 Lyon<br \/>Te\u0301l : 04 82 53 53 13<br \/>Directeur de la publication : Delphine Chaumaz<br \/>Email :\u00a0<a class=\"notion-link-token notion-focusable-token notion-enable-hover\" tabindex=\"0\" href=\"mailto:delphinechaumaz@hotmail.fr\" rel=\"noopener noreferrer\" data-token-index=\"0\"><span class=\"link-annotation-unknown-block-id--625020754\" style=\"color: #be9004;\">delphinechaumaz@hotmail.fr <\/span><\/a><br \/>Site : <a style=\"color: #be9004;\" href=\"https:\/\/cabinet-dentaire-chaumaz.fr\/\">https:\/\/cabinet-dentaire-chaumaz.fr\/<\/a><\/p><\/div><\/div><\/div><\/div><\/div><\/div><div class=\"elementor-column elementor-col-50 elementor-inner-column elementor-element elementor-element-fecb228\" data-id=\"fecb228\" data-element_type=\"column\"><div class=\"elementor-column-wrap elementor-element-populated\"><div class=\"elementor-widget-wrap\"><div class=\"elementor-element elementor-element-ff7e565 elementor-widget elementor-widget-text-editor\" data-id=\"ff7e565\" data-element_type=\"widget\" data-widget_type=\"text-editor.default\"><div class=\"elementor-widget-container\"><div class=\"elementor-text-editor elementor-clearfix\"><h4>R\u00c9ALISATION &#8211; WEBDESIGN<\/h4><p>Audrey SABY<br \/>49 rue Michel Ange<br \/>31200 Toulouse<br \/>FRANCE<br \/>t\u00e9l.: 06 38 81 38 55<br \/><a class=\"notion-link-token notion-focusable-token notion-enable-hover\" tabindex=\"0\" href=\"mailto:asaby@empreinte-cocreative.fr\" rel=\"noopener noreferrer\" data-token-index=\"0\"><span class=\"link-annotation-unknown-block-id--625020754\" style=\"color: #be9004;\">asaby@empreinte-cocreative.fr <\/span><\/a><br \/><a style=\"color: #be9004;\" href=\"https:\/\/empreinte-cocreative.fr\/\">https:\/\/empreinte-cocreative.fr\u00a0\/<\/a><\/p><h4>COMMUNICATION<\/h4><p>Fabienne MANGIN<br \/>06 32 50 30 36<br \/><a style=\"color: #be9004;\" href=\"mailto:Fabienne@lislacom.fr\">Fabienne@lislacom.fr<\/a><\/p><h4>H\u00c9BERGEMENT<\/h4><p>Site h\u00e9berg\u00e9 par OVH<br \/>2 rue Kellermann \u2013 59100 Roubaix \u2013 France<\/p><h4>CR\u00c9DITS PHOTOS<\/h4><p>Alexane Douzet<br \/><a class=\"notion-link-token notion-focusable-token notion-enable-hover\" tabindex=\"0\" href=\"mailto:alexane@lupimotion.com\" rel=\"noopener noreferrer\" data-token-index=\"0\"><span class=\"link-annotation-unknown-block-id--625020754\" style=\"color: #be9004;\">alexane@lupimotion.com<\/span><\/a><br \/>06 75 55 36 95<\/p><\/div><\/div><\/div><\/div><\/div><\/div><\/div><\/div><\/section><div class=\"elementor-element elementor-element-db5eb30 elementor-widget elementor-widget-text-editor\" data-id=\"db5eb30\" data-element_type=\"widget\" data-widget_type=\"text-editor.default\"><div class=\"elementor-widget-container\"><div class=\"elementor-text-editor elementor-clearfix\"><h4>PROPRI\u00c9T\u00c9 INTELLECTUELLE<\/h4><p>Tout le contenu du site, les graphismes, images, textes, vid\u00e9os, logos, gifs et ic\u00f4nes ainsi que leur mise en forme est soumis au droit de propri\u00e9t\u00e9 intellectuelle au titre du droit d\u2019auteur sur ces \u00e9l\u00e9ments ou sur le site en tant qu\u2019\u0153uvre d\u2019auteur ou en tant que base de donn\u00e9es (conform\u00e9ment \u00e0 l\u2019art. L.341-1 al.1 du code de la propri\u00e9t\u00e9 intellectuelle). Les marques, logos ou contenus appartenant \u00e0 d\u2019autres soci\u00e9t\u00e9s partenaires ou auteurs ne sont mentionn\u00e9es qu\u2019\u00e0 titre signal\u00e9tique.<\/p><p>Tous les textes reproduits sur le site sont la propri\u00e9t\u00e9 de leurs auteurs (personne physique ayant cr\u00e9\u00e9 des \u00e9l\u00e9ments pr\u00e9sents sur ce site, notamment auteurs des textes, graphistes, maquettistes et concepteurs de l\u2019arborescence). L\u2019usage de ceux-ci s\u2019effectue dans les conditions habituelles du droit d\u2019auteur tel que d\u00e9fini par le code de la propri\u00e9t\u00e9 intellectuelle fran\u00e7aise.<\/p><p>Toute reproduction, distribution, modification, retransmission ou publication de ces diff\u00e9rents \u00e9l\u00e9ments est strictement interdite sans l\u2019accord par \u00e9crit de Delphine Chaumaz. Tout manquement aux r\u00e8gles du droit d\u2019auteur ou du droit des bases de donn\u00e9es est passible de sanctions p\u00e9nales au titre du d\u00e9lit de contrefa\u00e7on.<\/p><h4>CONFIDENTIALIT\u00c9<\/h4><p>Le Titulaire du site est responsable du traitement des donn\u00e9es \u00e0 caract\u00e8re personnel (donn\u00e9es saisies dans les formulaires). Les informations personnelles concernant les visiteurs de notre site, y compris leur identit\u00e9, sont confidentielles. Le responsable du site s\u2019engage sur l\u2019honneur \u00e0 respecter les conditions l\u00e9gales de confidentialit\u00e9 applicables en France et \u00e0 ne pas divulguer ces informations \u00e0 des tiers. Le site Internet utilise un fichier local de session (\u00e9galement appel\u00e9 \u00ab cookie \u00bb, non conserv\u00e9 une fois que votre fen\u00eatre de navigateur est ferm\u00e9e) pour faciliter la navigation. Ce site utilise Google Analytics, un service d\u2019analyse de site internet fourni par Google Inc. (\u00ab Google \u00bb) uniquement dans le but d\u2019analyser le cheminement des utilisateurs. Google Analytics utilise des cookies.<\/p><p><strong>L\u2019exercice du droit d\u2019acc\u00e8s et de rectification pr\u00e9vu par la loi peut \u00eatre exerc\u00e9 \u00e0 l\u2019adresse mentionn\u00e9e ci-dessous :<\/strong><\/p><p>Delphine Chaumaz<br \/>5, rue des Chartreux<br \/>69001 Lyon<br \/>Te\u0301l : 04 82 53 53 13<br \/>Directeur de la publication : Delphine Chaumaz<br \/>Email :\u00a0<a class=\"notion-link-token notion-focusable-token notion-enable-hover\" tabindex=\"0\" href=\"mailto:delphinechaumaz@hotmail.fr\" rel=\"noopener noreferrer\" data-token-index=\"0\"><span class=\"link-annotation-unknown-block-id--625020754\" style=\"color: #be9004;\">delphinechaumaz@hotmail.fr <\/span><\/a><br \/>Site : <a style=\"color: #be9004;\" href=\"https:\/\/cabinet-dentaire-chaumaz.fr\/\">https:\/\/cabinet-dentaire-chaumaz.fr\/<\/a><\/p><\/div><\/div><\/div>\t\t\t\t\t\t<\/div>\n\t\t\t\t<\/div>\n\t\t\t\t<\/div>\n\t\t\t\t\t<\/div>\n\t\t\t\t<\/div>\n\t\t<div class=\"elementor-element elementor-element-767120a e-flex e-con-boxed e-con e-parent\" data-id=\"767120a\" data-element_type=\"container\">\n\t\t\t\t\t<div class=\"e-con-inner\">\n\t\t<div class=\"elementor-element elementor-element-a1d72b7 e-con-full e-flex e-con e-child\" data-id=\"a1d72b7\" data-element_type=\"container\">\n\t\t\t\t<div class=\"elementor-element elementor-element-7a2dcbf elementor-widget elementor-widget-text-editor\" data-id=\"7a2dcbf\" data-element_type=\"widget\" data-widget_type=\"text-editor.default\">\n\t\t\t\t<div class=\"elementor-widget-container\">\n\t\t\t\t\t\t\t<div class=\"elementor-element elementor-element-7a81d76 elementor-widget elementor-widget-heading\" data-id=\"7a81d76\" data-element_type=\"widget\" data-widget_type=\"heading.default\"><div class=\"elementor-widget-container\"><h2 class=\"elementor-heading-title elementor-size-default\">Politique de confidentialit\u00e9<\/h2><\/div><\/div><div class=\"elementor-element elementor-element-10536f07 elementor-widget elementor-widget-text-editor\" data-id=\"10536f07\" data-element_type=\"widget\" data-widget_type=\"text-editor.default\"><div class=\"elementor-widget-container\"><h4>RESPONSABLE<\/h4><p>Le responsable, au sens du r\u00e8glement g\u00e9n\u00e9ral sur la protection des donn\u00e9es (RGPD) et des lois nationales sur la protection des donn\u00e9es des \u00c9tats membres ainsi que des autres dispositions sur la protection des donn\u00e9es, est :<\/p><p>Delphine Chaumaz<br \/>5, rue des Chartreux<br \/>69001 Lyon<br \/>Te\u0301l : 04 82 53 53 13<br \/>Directeur de la publication : Delphine Chaumaz<br \/>Email :\u00a0<a class=\"notion-link-token notion-focusable-token notion-enable-hover\" tabindex=\"0\" href=\"mailto:delphinechaumaz@hotmail.fr\" rel=\"noopener noreferrer\" data-token-index=\"0\"><span class=\"link-annotation-unknown-block-id--625020754\" style=\"color: #be9004;\">delphinechaumaz@hotmail.fr <\/span><\/a><br \/>Site : <a style=\"color: #be9004;\" href=\"https:\/\/cabinet-dentaire-chaumaz.fr\/\">https:\/\/cabinet-dentaire-chaumaz.fr\/<\/a><\/p><h4>TYPE DE DONN\u00c9ES COLLECT\u00c9ES<\/h4><p>Lorsque vous nous envoyer un message depuis le formulaire de contact :<br \/>Vous nous communiquez : votre nom, votre adresse email, votre t\u00e9l\u00e9phone et un message.<\/p><h4>UTILISATION DE VOS DONN\u00c9ES<\/h4><p>Conform\u00e9ment \u00e0 la nouvelle loi R\u00e8glement g\u00e9n\u00e9ral sur la protection des donn\u00e9es (RGPD) applicable au 25 mai 2018, nous ne collectons et n\u2019utilisons les donn\u00e9es \u00e0 caract\u00e8re personnel de nos utilisateurs que dans la mesure o\u00f9 cela est n\u00e9cessaire pour fournir un site web fonctionnel ainsi que nos contenus et services.<\/p><p>La collecte et l\u2019utilisation des donn\u00e9es \u00e0 caract\u00e8re personnel de nos utilisateurs n\u2019ont lieu qu\u2019avec le consentement de l\u2019utilisateur.<\/p><p>Nous utilisons vos donn\u00e9es pour vous fournir les services suivants :<\/p><p>\u2013 R\u00e9pondre \u00e0 votre message envoy\u00e9 depuis notre formulaire de contact, rubrique \u00ab Contact \u00bb.<\/p><h4>DESTINATAIRE DES DONN\u00c9ES<\/h4><p>Les donn\u00e9es que nous collectons sont accessibles par notre entreprise, ainsi qu\u2019\u00e0 nos prestataires de services, agissant en qualit\u00e9 de sous-traitants, qui concourent techniquement \u00e0 la maintenance de notre site web (prestataire d\u2019h\u00e9bergement).<\/p><h4>DUR\u00c9E DE CONSERVATION DE VOS DONN\u00c9ES \u2013 COOKIES<\/h4><p>Les donn\u00e9es client (nom, pr\u00e9nom, coordonn\u00e9es \u00e9lectroniques, historique) sont conserv\u00e9es 3 ans \u00e0 compter de la fin de la relation commerciale.<\/p><p>Notre site internet utilise un fichier local de session (\u00e9galement appel\u00e9 \u00ab cookie \u00bb, non conserv\u00e9 une fois que votre fen\u00eatre de navigateur est ferm\u00e9e) pour faciliter la navigation et assurer le bon fonctionnement du site.<\/p><p>Vous pouvez d\u00e9sactiver ou restreindre la transmission de cookies en modifiant les param\u00e8tres de votre navigateur internet. Cela peut aussi se faire automatiquement. Si les cookies sont d\u00e9sactiv\u00e9s pour notre site web, les fonctions de notre site web ne seront peut-\u00eatre plus accessibles dans leur int\u00e9gralit\u00e9.<\/p><p>Ce site utilise \u00e9galement Google Analytics, un service d\u2019outil de suivi, fourni par Google Inc. (\u00ab Google \u00bb) uniquement dans le but d\u2019analyser le cheminement des utilisateurs. Google Analytics utilise des cookies.<\/p><h4>DROIT \u00c0 LA PORTABILIT\u00c9<\/h4><p>Il s\u2019agit de votre droit de recevoir vos donn\u00e9es dans un format lisible et de les transmettre \u00e0 une tierce entit\u00e9 sans autorisation pr\u00e9alable.<\/p><h4>DROITS D\u2019ACC\u00c8S, DE RECTIFICATION, D\u2019INTERROGATION ET D\u2019OPPOSITION<\/h4><p>L\u2019exercice du droit d\u2019acc\u00e8s et de rectification, d\u2019interrogation et d\u2019opposition pr\u00e9vu par la loi peut \u00eatre exerc\u00e9 \u00e0 l\u2019adresse mentionn\u00e9e ci-dessous :<\/p><p>Delphine Chaumaz<br \/>5, rue des Chartreux<br \/>69001 Lyon<br \/>Te\u0301l : 04 82 53 53 13<br \/>Directeur de la publication : Delphine Chaumaz<br \/>Email :\u00a0<a class=\"notion-link-token notion-focusable-token notion-enable-hover\" tabindex=\"0\" href=\"mailto:delphinechaumaz@hotmail.fr\" rel=\"noopener noreferrer\" data-token-index=\"0\"><span class=\"link-annotation-unknown-block-id--625020754\" style=\"color: #be9004;\">delphinechaumaz@hotmail.fr\u00a0<\/span><\/a><\/p><h4>S\u00c9CURIT\u00c9 DES DONN\u00c9ES<\/h4><p>Delphine Chaumaz adopte des mesures de s\u00e9curit\u00e9 suffisantes, ad\u00e9quates et pertinentes, afin de pr\u00e9server la s\u00e9curit\u00e9 des Donn\u00e9es Personnelles notamment, d\u2019emp\u00eacher que celles-ci soient divulgu\u00e9es \u00e0 des tiers, elles concernent \u00e9galement la mise en place d\u2019un certificat SSL et utilise le protocole https pour le cryptage des donn\u00e9es.<\/p><\/div><\/div>\t\t\t\t\t\t<\/div>\n\t\t\t\t<\/div>\n\t\t\t\t<\/div>\n\t\t\t\t\t<\/div>\n\t\t\t\t<\/div>\n\t\t\t\t<\/div>\n\t\t","protected":false},"excerpt":{"rendered":"<p>\u00c9diteur Delphine Chaumaz5, rue des Chartreux69001 LyonTe\u0301l : 04 82 53 53 13Directeur de la publication : Delphine ChaumazEmail :\u00a0delphinechaumaz@hotmail.fr Site : https:\/\/cabinet-dentaire-chaumaz.fr\/ R\u00c9ALISATION &#8211; WEBDESIGN Audrey SABY49 rue Michel Ange31200 ToulouseFRANCEt\u00e9l.: 06 38 81 38 55asaby@empreinte-cocreative.fr https:\/\/empreinte-cocreative.fr\u00a0\/ COMMUNICATION Fabienne MANGIN06 32 50 30 36Fabienne@lislacom.fr H\u00c9BERGEMENT Site h\u00e9berg\u00e9 par OVH2 rue Kellermann \u2013 59100 Roubaix [&hellip;]<\/p>\n","protected":false},"author":1,"featured_media":0,"parent":0,"menu_order":0,"comment_status":"closed","ping_status":"closed","template":"","meta":{"ocean_post_layout":"","ocean_both_sidebars_style":"","ocean_both_sidebars_content_width":0,"ocean_both_sidebars_sidebars_width":0,"ocean_sidebar":"","ocean_second_sidebar":"","ocean_disable_margins":"enable","ocean_add_body_class":"","ocean_shortcode_before_top_bar":"","ocean_shortcode_after_top_bar":"","ocean_shortcode_before_header":"","ocean_shortcode_after_header":"","ocean_has_shortcode":"","ocean_shortcode_after_title":"","ocean_shortcode_before_footer_widgets":"","ocean_shortcode_after_footer_widgets":"","ocean_shortcode_before_footer_bottom":"","ocean_shortcode_after_footer_bottom":"","ocean_display_top_bar":"default","ocean_display_header":"default","ocean_header_style":"","ocean_center_header_left_menu":"","ocean_custom_header_template":"","ocean_custom_logo":0,"ocean_custom_retina_logo":0,"ocean_custom_logo_max_width":0,"ocean_custom_logo_tablet_max_width":0,"ocean_custom_logo_mobile_max_width":0,"ocean_custom_logo_max_height":0,"ocean_custom_logo_tablet_max_height":0,"ocean_custom_logo_mobile_max_height":0,"ocean_header_custom_menu":"","ocean_menu_typo_font_family":"","ocean_menu_typo_font_subset":"","ocean_menu_typo_font_size":0,"ocean_menu_typo_font_size_tablet":0,"ocean_menu_typo_font_size_mobile":0,"ocean_menu_typo_font_size_unit":"px","ocean_menu_typo_font_weight":"","ocean_menu_typo_font_weight_tablet":"","ocean_menu_typo_font_weight_mobile":"","ocean_menu_typo_transform":"","ocean_menu_typo_transform_tablet":"","ocean_menu_typo_transform_mobile":"","ocean_menu_typo_line_height":0,"ocean_menu_typo_line_height_tablet":0,"ocean_menu_typo_line_height_mobile":0,"ocean_menu_typo_line_height_unit":"","ocean_menu_typo_spacing":0,"ocean_menu_typo_spacing_tablet":0,"ocean_menu_typo_spacing_mobile":0,"ocean_menu_typo_spacing_unit":"","ocean_menu_link_color":"","ocean_menu_link_color_hover":"","ocean_menu_link_color_active":"","ocean_menu_link_background":"","ocean_menu_link_hover_background":"","ocean_menu_link_active_background":"","ocean_menu_social_links_bg":"","ocean_menu_social_hover_links_bg":"","ocean_menu_social_links_color":"","ocean_menu_social_hover_links_color":"","ocean_disable_title":"default","ocean_disable_heading":"default","ocean_post_title":"","ocean_post_subheading":"","ocean_post_title_style":"","ocean_post_title_background_color":"","ocean_post_title_background":0,"ocean_post_title_bg_image_position":"","ocean_post_title_bg_image_attachment":"","ocean_post_title_bg_image_repeat":"","ocean_post_title_bg_image_size":"","ocean_post_title_height":0,"ocean_post_title_bg_overlay":0.5,"ocean_post_title_bg_overlay_color":"","ocean_disable_breadcrumbs":"default","ocean_breadcrumbs_color":"","ocean_breadcrumbs_separator_color":"","ocean_breadcrumbs_links_color":"","ocean_breadcrumbs_links_hover_color":"","ocean_display_footer_widgets":"default","ocean_display_footer_bottom":"default","ocean_custom_footer_template":"","footnotes":""},"class_list":["post-282","page","type-page","status-publish","hentry","entry"],"yoast_head":"<!-- This site is optimized with the Yoast SEO plugin v23.4 - https:\/\/yoast.com\/wordpress\/plugins\/seo\/ -->\n<title>Mentions l\u00e9gales - Dr Delphine Chaumaz<\/title>\n<meta name=\"robots\" content=\"index, follow, max-snippet:-1, max-image-preview:large, max-video-preview:-1\" \/>\n<link rel=\"canonical\" href=\"https:\/\/cabinet-dentaire-chaumaz.fr\/index.php\/mentions-legales\/\" \/>\n<meta property=\"og:locale\" content=\"fr_FR\" \/>\n<meta property=\"og:type\" content=\"article\" \/>\n<meta property=\"og:title\" content=\"Mentions l\u00e9gales - Dr Delphine Chaumaz\" \/>\n<meta property=\"og:description\" content=\"\u00c9diteur Delphine Chaumaz5, rue des Chartreux69001 LyonTe\u0301l : 04 82 53 53 13Directeur de la publication : Delphine ChaumazEmail :\u00a0delphinechaumaz@hotmail.fr Site : https:\/\/cabinet-dentaire-chaumaz.fr\/ R\u00c9ALISATION &#8211; WEBDESIGN Audrey SABY49 rue Michel Ange31200 ToulouseFRANCEt\u00e9l.: 06 38 81 38 55asaby@empreinte-cocreative.fr https:\/\/empreinte-cocreative.fr\u00a0\/ COMMUNICATION Fabienne MANGIN06 32 50 30 36Fabienne@lislacom.fr H\u00c9BERGEMENT Site h\u00e9berg\u00e9 par OVH2 rue Kellermann \u2013 59100 Roubaix [&hellip;]\" \/>\n<meta property=\"og:url\" content=\"https:\/\/cabinet-dentaire-chaumaz.fr\/index.php\/mentions-legales\/\" \/>\n<meta property=\"og:site_name\" content=\"Dr Delphine Chaumaz\" \/>\n<meta property=\"article:modified_time\" content=\"2024-09-10T14:50:37+00:00\" \/>\n<meta name=\"twitter:card\" content=\"summary_large_image\" \/>\n<meta name=\"twitter:label1\" content=\"Dur\u00e9e de lecture estim\u00e9e\" \/>\n\t<meta name=\"twitter:data1\" content=\"10 minutes\" \/>\n<script type=\"application\/ld+json\" class=\"yoast-schema-graph\">{\"@context\":\"https:\/\/schema.org\",\"@graph\":[{\"@type\":\"WebPage\",\"@id\":\"https:\/\/cabinet-dentaire-chaumaz.fr\/index.php\/mentions-legales\/\",\"url\":\"https:\/\/cabinet-dentaire-chaumaz.fr\/index.php\/mentions-legales\/\",\"name\":\"Mentions l\u00e9gales - Dr Delphine Chaumaz\",\"isPartOf\":{\"@id\":\"https:\/\/cabinet-dentaire-chaumaz.fr\/#website\"},\"datePublished\":\"2024-09-03T12:27:39+00:00\",\"dateModified\":\"2024-09-10T14:50:37+00:00\",\"breadcrumb\":{\"@id\":\"https:\/\/cabinet-dentaire-chaumaz.fr\/index.php\/mentions-legales\/#breadcrumb\"},\"inLanguage\":\"fr-FR\",\"potentialAction\":[{\"@type\":\"ReadAction\",\"target\":[\"https:\/\/cabinet-dentaire-chaumaz.fr\/index.php\/mentions-legales\/\"]}]},{\"@type\":\"BreadcrumbList\",\"@id\":\"https:\/\/cabinet-dentaire-chaumaz.fr\/index.php\/mentions-legales\/#breadcrumb\",\"itemListElement\":[{\"@type\":\"ListItem\",\"position\":1,\"name\":\"Accueil\",\"item\":\"https:\/\/cabinet-dentaire-chaumaz.fr\/\"},{\"@type\":\"ListItem\",\"position\":2,\"name\":\"Mentions l\u00e9gales\"}]},{\"@type\":\"WebSite\",\"@id\":\"https:\/\/cabinet-dentaire-chaumaz.fr\/#website\",\"url\":\"https:\/\/cabinet-dentaire-chaumaz.fr\/\",\"name\":\"Dr Delphine Chaumaz - Dentiste \u00e0 Lyon\",\"description\":\"Dentiste \u00e0 Lyon\",\"publisher\":{\"@id\":\"https:\/\/cabinet-dentaire-chaumaz.fr\/#organization\"},\"potentialAction\":[{\"@type\":\"SearchAction\",\"target\":{\"@type\":\"EntryPoint\",\"urlTemplate\":\"https:\/\/cabinet-dentaire-chaumaz.fr\/?s={search_term_string}\"},\"query-input\":{\"@type\":\"PropertyValueSpecification\",\"valueRequired\":true,\"valueName\":\"search_term_string\"}}],\"inLanguage\":\"fr-FR\"},{\"@type\":\"Organization\",\"@id\":\"https:\/\/cabinet-dentaire-chaumaz.fr\/#organization\",\"name\":\"Dr Delphine Chaumaz\",\"url\":\"https:\/\/cabinet-dentaire-chaumaz.fr\/\",\"logo\":{\"@type\":\"ImageObject\",\"inLanguage\":\"fr-FR\",\"@id\":\"https:\/\/cabinet-dentaire-chaumaz.fr\/#\/schema\/logo\/image\/\",\"url\":\"https:\/\/cabinet-dentaire-chaumaz.fr\/wp-content\/uploads\/2024\/09\/cropped-Logo_DelphineChaumaz_Dentiste-Lyon.webp\",\"contentUrl\":\"https:\/\/cabinet-dentaire-chaumaz.fr\/wp-content\/uploads\/2024\/09\/cropped-Logo_DelphineChaumaz_Dentiste-Lyon.webp\",\"width\":1035,\"height\":243,\"caption\":\"Dr Delphine Chaumaz\"},\"image\":{\"@id\":\"https:\/\/cabinet-dentaire-chaumaz.fr\/#\/schema\/logo\/image\/\"}}]}<\/script>\n<!-- \/ Yoast SEO plugin. -->","yoast_head_json":{"title":"Mentions l\u00e9gales - Dr Delphine Chaumaz","robots":{"index":"index","follow":"follow","max-snippet":"max-snippet:-1","max-image-preview":"max-image-preview:large","max-video-preview":"max-video-preview:-1"},"canonical":"https:\/\/cabinet-dentaire-chaumaz.fr\/index.php\/mentions-legales\/","og_locale":"fr_FR","og_type":"article","og_title":"Mentions l\u00e9gales - Dr Delphine Chaumaz","og_description":"\u00c9diteur Delphine Chaumaz5, rue des Chartreux69001 LyonTe\u0301l : 04 82 53 53 13Directeur de la publication : Delphine ChaumazEmail :\u00a0delphinechaumaz@hotmail.fr Site : https:\/\/cabinet-dentaire-chaumaz.fr\/ R\u00c9ALISATION &#8211; WEBDESIGN Audrey SABY49 rue Michel Ange31200 ToulouseFRANCEt\u00e9l.: 06 38 81 38 55asaby@empreinte-cocreative.fr https:\/\/empreinte-cocreative.fr\u00a0\/ COMMUNICATION Fabienne MANGIN06 32 50 30 36Fabienne@lislacom.fr H\u00c9BERGEMENT Site h\u00e9berg\u00e9 par OVH2 rue Kellermann \u2013 59100 Roubaix [&hellip;]","og_url":"https:\/\/cabinet-dentaire-chaumaz.fr\/index.php\/mentions-legales\/","og_site_name":"Dr Delphine Chaumaz","article_modified_time":"2024-09-10T14:50:37+00:00","twitter_card":"summary_large_image","twitter_misc":{"Dur\u00e9e de lecture estim\u00e9e":"10 minutes"},"schema":{"@context":"https:\/\/schema.org","@graph":[{"@type":"WebPage","@id":"https:\/\/cabinet-dentaire-chaumaz.fr\/index.php\/mentions-legales\/","url":"https:\/\/cabinet-dentaire-chaumaz.fr\/index.php\/mentions-legales\/","name":"Mentions l\u00e9gales - Dr Delphine Chaumaz","isPartOf":{"@id":"https:\/\/cabinet-dentaire-chaumaz.fr\/#website"},"datePublished":"2024-09-03T12:27:39+00:00","dateModified":"2024-09-10T14:50:37+00:00","breadcrumb":{"@id":"https:\/\/cabinet-dentaire-chaumaz.fr\/index.php\/mentions-legales\/#breadcrumb"},"inLanguage":"fr-FR","potentialAction":[{"@type":"ReadAction","target":["https:\/\/cabinet-dentaire-chaumaz.fr\/index.php\/mentions-legales\/"]}]},{"@type":"BreadcrumbList","@id":"https:\/\/cabinet-dentaire-chaumaz.fr\/index.php\/mentions-legales\/#breadcrumb","itemListElement":[{"@type":"ListItem","position":1,"name":"Accueil","item":"https:\/\/cabinet-dentaire-chaumaz.fr\/"},{"@type":"ListItem","position":2,"name":"Mentions l\u00e9gales"}]},{"@type":"WebSite","@id":"https:\/\/cabinet-dentaire-chaumaz.fr\/#website","url":"https:\/\/cabinet-dentaire-chaumaz.fr\/","name":"Dr Delphine Chaumaz - Dentiste \u00e0 Lyon","description":"Dentiste \u00e0 Lyon","publisher":{"@id":"https:\/\/cabinet-dentaire-chaumaz.fr\/#organization"},"potentialAction":[{"@type":"SearchAction","target":{"@type":"EntryPoint","urlTemplate":"https:\/\/cabinet-dentaire-chaumaz.fr\/?s={search_term_string}"},"query-input":{"@type":"PropertyValueSpecification","valueRequired":true,"valueName":"search_term_string"}}],"inLanguage":"fr-FR"},{"@type":"Organization","@id":"https:\/\/cabinet-dentaire-chaumaz.fr\/#organization","name":"Dr Delphine Chaumaz","url":"https:\/\/cabinet-dentaire-chaumaz.fr\/","logo":{"@type":"ImageObject","inLanguage":"fr-FR","@id":"https:\/\/cabinet-dentaire-chaumaz.fr\/#\/schema\/logo\/image\/","url":"https:\/\/cabinet-dentaire-chaumaz.fr\/wp-content\/uploads\/2024\/09\/cropped-Logo_DelphineChaumaz_Dentiste-Lyon.webp","contentUrl":"https:\/\/cabinet-dentaire-chaumaz.fr\/wp-content\/uploads\/2024\/09\/cropped-Logo_DelphineChaumaz_Dentiste-Lyon.webp","width":1035,"height":243,"caption":"Dr Delphine Chaumaz"},"image":{"@id":"https:\/\/cabinet-dentaire-chaumaz.fr\/#\/schema\/logo\/image\/"}}]}},"_links":{"self":[{"href":"https:\/\/cabinet-dentaire-chaumaz.fr\/index.php\/wp-json\/wp\/v2\/pages\/282","targetHints":{"allow":["GET"]}}],"collection":[{"href":"https:\/\/cabinet-dentaire-chaumaz.fr\/index.php\/wp-json\/wp\/v2\/pages"}],"about":[{"href":"https:\/\/cabinet-dentaire-chaumaz.fr\/index.php\/wp-json\/wp\/v2\/types\/page"}],"author":[{"embeddable":true,"href":"https:\/\/cabinet-dentaire-chaumaz.fr\/index.php\/wp-json\/wp\/v2\/users\/1"}],"replies":[{"embeddable":true,"href":"https:\/\/cabinet-dentaire-chaumaz.fr\/index.php\/wp-json\/wp\/v2\/comments?post=282"}],"version-history":[{"count":14,"href":"https:\/\/cabinet-dentaire-chaumaz.fr\/index.php\/wp-json\/wp\/v2\/pages\/282\/revisions"}],"predecessor-version":[{"id":795,"href":"https:\/\/cabinet-dentaire-chaumaz.fr\/index.php\/wp-json\/wp\/v2\/pages\/282\/revisions\/795"}],"wp:attachment":[{"href":"https:\/\/cabinet-dentaire-chaumaz.fr\/index.php\/wp-json\/wp\/v2\/media?parent=282"}],"curies":[{"name":"wp","href":"https:\/\/api.w.org\/{rel}","templated":true}]}}